{"id":52,"date":"2023-10-22T21:45:06","date_gmt":"2023-10-22T21:45:06","guid":{"rendered":"https:\/\/themes.getmotopress.com\/prime\/?page_id=52"},"modified":"2023-11-27T11:17:58","modified_gmt":"2023-11-27T11:17:58","slug":"about-us","status":"publish","type":"page","link":"https:\/\/burnybikes.com\/de\/about-us\/","title":{"rendered":"About Us"},"content":{"rendered":"<div class=\"wp-block-getwid-section alignfull alignfull has-inner-blocks-gap-none\"><div class=\"wp-block-getwid-section__wrapper getwid-padding-top-none\" style=\"padding-bottom:80px\"><div class=\"wp-block-getwid-section__inner-wrapper\"><div class=\"wp-block-getwid-section__background-holder\"><div class=\"wp-block-getwid-section__background\"><\/div><div class=\"wp-block-getwid-section__foreground\"><\/div><\/div><div class=\"wp-block-getwid-section__content\"><div class=\"wp-block-getwid-section__inner-content\"><div class=\"wp-block-columns alignwide is-layout-flex wp-container-core-columns-is-layout-28f84493 wp-block-columns-is-layout-flex\"><div class=\"wp-block-column is-layout-flow wp-container-core-column-is-layout-663b3283 wp-block-column-is-layout-flow\"><div class=\"wp-block-getwid-advanced-heading has-custom-font-size fs-tablet-70 fs-mobile-50\" style=\"font-size:60px\"><h2 class=\"wp-block-getwid-advanced-heading__content\" style=\"font-weight:700;text-transform:uppercase;line-height:1.2em\">Team &amp; IDEE <img decoding=\"async\" class=\"wp-image-1953\" style=\"width: 18px;\" src=\"https:\/\/themes.getmotopress.com\/prime\/wp-content\/themes\/prime-fse\/assets\/images\/dot-yellow.svg\" alt=\"\"><\/h2><\/div>\n\n<p><\/p><\/div>\n\n<div class=\"wp-block-column is-layout-flow wp-container-core-column-is-layout-663b3283 wp-block-column-is-layout-flow\"><p class=\"has-color-1-color has-text-color has-big-font-size\">Aus Bastelfreude entstanden<\/p>\n\n<p>Anlass f\u00fcr BURNYBIKES war das Selbstbasteln eines Lastenrades. Die Idee war, Geld zu sparen, viel zu Lernen und am Ende auch genau das zu haben, was man wollte. Das hat soweit auch ganz gut geklappt. Bei manchen Teilen mangelte es aber an europ\u00e4ischen H\u00e4ndlern und das eigenh\u00e4ndige Herstellen w\u00e4re sehr zeitaufw\u00e4ndig gewesen. Diese Produkte bilden nun das Startsortiment. Neben Produkten werden wir im Blog allerlei Artikel rund um&#8217;s Thema Fahrrad ver\u00f6ffentlichen. Den Beginn macht eine Serie zum Thema Lastenradbau.<\/p>\n\n<p>Euch fehlt was? Lasst es uns gerne wissen.<\/p><\/div><\/div><\/div><\/div><\/div><\/div><\/div><div class=\"wp-block-getwid-section alignfull alignfull getwid-anim fadeInUpShort\" data-wow-duration=\"1500ms\" data-wow-delay=\"200ms\"><div class=\"wp-block-getwid-section__wrapper\"><div class=\"wp-block-getwid-section__inner-wrapper\"><div class=\"wp-block-getwid-section__background-holder\"><div class=\"wp-block-getwid-section__background\"><\/div><div class=\"wp-block-getwid-section__foreground\"><\/div><\/div><div class=\"wp-block-getwid-section__content\"><div class=\"wp-block-getwid-section__inner-content\"><div class=\"wp-block-columns alignwide is-layout-flex wp-container-core-columns-is-layout-28f84493 wp-block-columns-is-layout-flex\"><div class=\"wp-block-column is-layout-flow wp-block-column-is-layout-flow\"><div class=\"wp-block-getwid-person is-image-cropped\"><div class=\"wp-block-getwid-person__image\"><img loading=\"lazy\" decoding=\"async\" width=\"1706\" height=\"2560\" src=\"https:\/\/burnybikes.com\/wp-content\/uploads\/2023\/11\/Bernhard-Schlegel-highres-scaled.jpg\" class=\"wp-image-3776\" srcset=\"https:\/\/burnybikes.com\/wp-content\/uploads\/2023\/11\/Bernhard-Schlegel-highres-scaled.jpg 1706w, https:\/\/burnybikes.com\/wp-content\/uploads\/2023\/11\/Bernhard-Schlegel-highres-200x300.jpg 200w, https:\/\/burnybikes.com\/wp-content\/uploads\/2023\/11\/Bernhard-Schlegel-highres-683x1024.jpg 683w, https:\/\/burnybikes.com\/wp-content\/uploads\/2023\/11\/Bernhard-Schlegel-highres-768x1152.jpg 768w, https:\/\/burnybikes.com\/wp-content\/uploads\/2023\/11\/Bernhard-Schlegel-highres-1024x1536.jpg 1024w, https:\/\/burnybikes.com\/wp-content\/uploads\/2023\/11\/Bernhard-Schlegel-highres-1365x2048.jpg 1365w, https:\/\/burnybikes.com\/wp-content\/uploads\/2023\/11\/Bernhard-Schlegel-highres-600x900.jpg 600w\" sizes=\"auto, (max-width: 1706px) 100vw, 1706px\" \/><\/div><div class=\"wp-block-getwid-person__content-wrapper\"><span class=\"wp-block-getwid-person__title\">Bernhard Schelgel<\/span><span class=\"wp-block-getwid-person__subtitle\">Gr\u00fcnder<\/span><div class=\"wp-block-getwid-social-links has-default-spacing has-icons-framed\" style=\"font-size:12px\"><ul class=\"wp-block-getwid-social-links__list getwid-justify-content-center\"><\/ul><\/div><\/div><\/div><\/div>\n\n<div class=\"wp-block-column is-layout-flow wp-block-column-is-layout-flow\"><div class=\"wp-block-getwid-person is-image-cropped\"><\/div><\/div>\n\n<div class=\"wp-block-column is-layout-flow wp-block-column-is-layout-flow\"><\/div>\n\n<div class=\"wp-block-column is-layout-flow wp-block-column-is-layout-flow\"><\/div><\/div><\/div><\/div><\/div><\/div><\/div><div class=\"wp-block-getwid-section alignfull alignfull getwid-margin-top-none getwid-margin-bottom-none getwid-section-content-full-width\"><div class=\"wp-block-getwid-section__wrapper getwid-padding-left-none getwid-padding-right-none getwid-margin-left-none getwid-margin-right-none\" style=\"padding-top:130px;padding-bottom:130px\"><div class=\"wp-block-getwid-section__inner-wrapper\"><div class=\"wp-block-getwid-section__background-holder\"><div class=\"wp-block-getwid-section__background\"><\/div><div class=\"wp-block-getwid-section__foreground\"><\/div><\/div><div class=\"wp-block-getwid-section__content\"><div class=\"wp-block-getwid-section__inner-content\"><div class=\"wp-block-getwid-advanced-heading is-style-repeating-text has-custom-font-size fs-tablet-70 fs-mobile-50\" style=\"font-size:60px;margin-bottom:80px\"><h2 class=\"wp-block-getwid-advanced-heading__content\" style=\"text-align:center;font-weight:700;text-transform:uppercase;line-height:1em\">Timeline<\/h2><\/div>\n\n<div class=\"wp-block-getwid-section getwid-anim fadeInUpShort\" data-wow-duration=\"1500ms\" data-wow-delay=\"200ms\"><div class=\"wp-block-getwid-section__wrapper\"><div class=\"wp-block-getwid-section__inner-wrapper\"><div class=\"wp-block-getwid-section__background-holder\"><div class=\"wp-block-getwid-section__background\"><\/div><div class=\"wp-block-getwid-section__foreground\"><\/div><\/div><div class=\"wp-block-getwid-section__content\"><div class=\"wp-block-getwid-section__inner-content\"><div class=\"wp-block-getwid-content-timeline\" data-animation=\"none\" data-filling=\"true\"><div class=\"wp-block-getwid-content-timeline__line\"><div class=\"wp-block-getwid-content-timeline__bar has-background has-color-1-background-color\"><\/div><\/div><div class=\"wp-block-getwid-content-timeline__wrapper\"><div class=\"wp-block-getwid-content-timeline-item\"><div class=\"wp-block-getwid-content-timeline-item__wrapper\"><div class=\"wp-block-getwid-content-timeline-item__card\"><div class=\"wp-block-getwid-content-timeline-item__card-wrapper\"><div class=\"wp-block-getwid-content-timeline-item__content-wrapper\"><div class=\"wp-block-getwid-content-timeline-item__mobile-meta\"><p class=\"wp-block-getwid-content-timeline-item__meta-content\">2023, November<\/p><\/div><h3 class=\"wp-block-heading\">Start der Website<\/h3>\n\n<p>Im November ging die Website live. Inkl. des ersten Artikels und dem ersten Produkt: Unserer 20&#8243; Gabel.<\/p><\/div><\/div><\/div><div class=\"wp-block-getwid-content-timeline-item__point\" data-point-color=\"#5c8eea\"><div class=\"wp-block-getwid-content-timeline-item__point-content\"><\/div><\/div><div class=\"wp-block-getwid-content-timeline-item__meta\"><p class=\"wp-block-getwid-content-timeline-item__meta-content\">2023, November<\/p><\/div><\/div><\/div>\n\n<div class=\"wp-block-getwid-content-timeline-item\"><div class=\"wp-block-getwid-content-timeline-item__wrapper\"><div class=\"wp-block-getwid-content-timeline-item__card\"><div class=\"wp-block-getwid-content-timeline-item__card-wrapper\"><div class=\"wp-block-getwid-content-timeline-item__content-wrapper\"><div class=\"wp-block-getwid-content-timeline-item__mobile-meta\"><p class=\"wp-block-getwid-content-timeline-item__meta-content\">2023, August<\/p><\/div><h3 class=\"wp-block-heading\">Beginn des Lastenradbaus<\/h3>\n\n<p>Im August 2023 habe ich begonnen, das erste Lastenrad selbst zu bauen.<\/p><\/div><\/div><\/div><div class=\"wp-block-getwid-content-timeline-item__point\" data-point-color=\"#5c8eea\"><div class=\"wp-block-getwid-content-timeline-item__point-content\"><\/div><\/div><div class=\"wp-block-getwid-content-timeline-item__meta\"><p class=\"wp-block-getwid-content-timeline-item__meta-content\">2023, August<\/p><\/div><\/div><\/div><\/div><\/div><\/div><\/div><\/div><\/div><\/div><\/div><\/div><\/div><\/div><\/div><div class=\"wp-block-getwid-section alignfull alignfull getwid-margin-top-none getwid-margin-bottom-none\"><div class=\"wp-block-getwid-section__wrapper getwid-margin-left-none getwid-margin-right-none\" style=\"padding-top:100px;padding-bottom:100px\"><div class=\"wp-block-getwid-section__inner-wrapper\"><div class=\"wp-block-getwid-section__background-holder\"><div class=\"wp-block-getwid-section__background has-background has-color-1-background-color\"><\/div><div class=\"wp-block-getwid-section__foreground\"><\/div><\/div><div class=\"wp-block-getwid-section__content\"><div class=\"wp-block-getwid-section__inner-content\"><div class=\"wp-block-columns is-layout-flex wp-container-core-columns-is-layout-28f84493 wp-block-columns-is-layout-flex\"><div class=\"wp-block-column is-layout-flow wp-block-column-is-layout-flow\" style=\"flex-basis:51%\"><div class=\"wp-block-getwid-advanced-heading has-custom-font-size fs-tablet-70 fs-mobile-50\" style=\"font-size:100px\"><span class=\"wp-block-getwid-advanced-heading__content has-text-color has-color-9-color\" style=\"font-weight:700;text-transform:uppercase;line-height:1em;letter-spacing:-2px\">Zeit ZU BASTELN <img decoding=\"async\" style=\"width: 18px;\" src=\"https:\/\/themes.getmotopress.com\/prime\/wp-content\/themes\/prime-fse\/assets\/images\/dot-yellow.svg\" alt=\"\"><\/span><\/div><\/div>\n\n<div class=\"wp-block-column is-layout-flow wp-block-column-is-layout-flow\"><p class=\"has-text-align-right has-color-9-color has-text-color has-big-font-size\">Du hast Fragen? Melde dich bei uns.<\/p>\n\n<div class=\"wp-block-buttons is-content-justification-right is-layout-flex wp-container-core-buttons-is-layout-d445cf74 wp-block-buttons-is-layout-flex\"><div class=\"wp-block-button\"><a class=\"wp-block-button__link wp-element-button\" href=\"https:\/\/burnybikes.com\/en\/contact-us\/\">Kontakt<\/a><\/div><\/div><\/div><\/div><\/div><\/div><\/div><\/div><\/div>","protected":false},"excerpt":{"rendered":"","protected":false},"author":1,"featured_media":0,"parent":0,"menu_order":0,"comment_status":"closed","ping_status":"closed","template":"page-no-footer-space","meta":{"inline_featured_image":false,"footnotes":""},"class_list":["post-52","page","type-page","status-publish","hentry"],"_links":{"self":[{"href":"https:\/\/burnybikes.com\/de\/wp-json\/wp\/v2\/pages\/52","targetHints":{"allow":["GET"]}}],"collection":[{"href":"https:\/\/burnybikes.com\/de\/wp-json\/wp\/v2\/pages"}],"about":[{"href":"https:\/\/burnybikes.com\/de\/wp-json\/wp\/v2\/types\/page"}],"author":[{"embeddable":true,"href":"https:\/\/burnybikes.com\/de\/wp-json\/wp\/v2\/users\/1"}],"replies":[{"embeddable":true,"href":"https:\/\/burnybikes.com\/de\/wp-json\/wp\/v2\/comments?post=52"}],"version-history":[{"count":1,"href":"https:\/\/burnybikes.com\/de\/wp-json\/wp\/v2\/pages\/52\/revisions"}],"predecessor-version":[{"id":3777,"href":"https:\/\/burnybikes.com\/de\/wp-json\/wp\/v2\/pages\/52\/revisions\/3777"}],"wp:attachment":[{"href":"https:\/\/burnybikes.com\/de\/wp-json\/wp\/v2\/media?parent=52"}],"curies":[{"name":"wp","href":"https:\/\/api.w.org\/{rel}","templated":true}]}}